{"id":1178,"date":"2025-12-12T20:26:06","date_gmt":"2025-12-12T19:26:06","guid":{"rendered":"https:\/\/wingchunkuen.sk\/novyweb\/?post_type=product&#038;p=1178"},"modified":"2026-03-10T22:26:19","modified_gmt":"2026-03-10T21:26:19","slug":"skupinovy-kurz-prezitia-fwck-1-uroven","status":"publish","type":"product","link":"https:\/\/wingchunkuen.sk\/en\/product\/skupinovy-kurz-prezitia-fwck-1-uroven\/","title":{"rendered":"Group Survival Course FWCK"},"content":{"rendered":"<div style=\"width: 1080px;\" class=\"wp-video\"><video class=\"wp-video-shortcode\" id=\"video-1178-1\" width=\"1080\" height=\"1920\" preload=\"metadata\" controls=\"controls\"><source type=\"video\/mp4\" src=\"https:\/\/wingchunkuen.sk\/wp-content\/uploads\/2026\/01\/Zakladanie-ohna-kresadlom.mp4?_=1\" \/><a href=\"https:\/\/wingchunkuen.sk\/wp-content\/uploads\/2026\/01\/Zakladanie-ohna-kresadlom.mp4\">https:\/\/wingchunkuen.sk\/wp-content\/uploads\/2026\/01\/Zakladanie-ohna-kresadlom.mp4<\/a><\/video><\/div>\r\n\r\n<ul class=\"wp-block-list\">\r\n<li>Term\u00edn Kurzu 01.03.2026 od 09-15:00 hod.<\/li>\r\n<li>Miesto kurzu: Z\u00e1hradk\u00e1rska osada \u017dab\u00ed Majer, Bratislava (KL\u00c1\u0160TOR Wing Chun Kuen)<\/li>\r\n<li>Course duration: 6 hours<\/li>\r\n\r\n\r\n\r\n<li>Fire starting (without matches or a lighter)<\/li>\r\n\r\n\r\n\r\n<li>Climbing knots (5 basic types of knots)<\/li>\r\n\r\n\r\n\r\n<li>Crafting a primitive Spear and Bow<\/li>\r\n\r\n\r\n\r\n<li>Spear throwing instruction<\/li>\r\n\r\n\r\n\r\n<li>Archery instruction (with a high-quality sports Bow)<\/li>\r\n\r\n\r\n\r\n<li>Cold water immersion in an ice bath (voluntary)<\/li>\r\n\r\n\r\n\r\n<li>Self-Defense Basics Instruction (Escaping from various grabs)<\/li>\r\n<li>Self-Defense Basics (Unarmed vs. blunt weapon)<\/li>\r\n<li>Self-Defense Basics (Using a stick against a knife attack)<\/li>\r\n<\/ul>","protected":false},"excerpt":{"rendered":"<p>Group Survival Course FWCK<\/p>","protected":false},"featured_media":2409,"comment_status":"open","ping_status":"closed","template":"","meta":{"site-sidebar-layout":"default","site-content-layout":"","ast-site-content-layout":"default","site-content-style":"default","site-sidebar-style":"default","ast-global-header-display":"","ast-banner-title-visibility":"","ast-main-header-display":"","ast-hfb-above-header-display":"","ast-hfb-below-header-display":"","ast-hfb-mobile-header-display":"","site-post-title":"","ast-breadcrumbs-content":"","ast-featured-img":"","footer-sml-layout":"","theme-transparent-header-meta":"default","adv-header-id-meta":"","stick-header-meta":"","header-above-stick-meta":"","header-main-stick-meta":"","header-below-stick-meta":"","astra-migrate-meta-layouts":"set","ast-page-background-enabled":"default","ast-page-background-meta":{"desktop":{"background-color":"var(--ast-global-color-5)","background-image":"","background-repeat":"repeat","background-position":"center center","background-size":"auto","background-attachment":"scroll","background-type":"","background-media":"","overlay-type":"","overlay-color":"","overlay-opacity":"","overlay-gradient":""},"tablet":{"background-color":"","background-image":"","background-repeat":"repeat","background-position":"center center","background-size":"auto","background-attachment":"scroll","background-type":"","background-media":"","overlay-type":"","overlay-color":"","overlay-opacity":"","overlay-gradient":""},"mobile":{"background-color":"","background-image":"","background-repeat":"repeat","background-position":"center center","background-size":"auto","background-attachment":"scroll","background-type":"","background-media":"","overlay-type":"","overlay-color":"","overlay-opacity":"","overlay-gradient":""}},"ast-content-background-meta":{"desktop":{"background-color":"var(--ast-global-color-4)","background-image":"","background-repeat":"repeat","background-position":"center center","background-size":"auto","background-attachment":"scroll","background-type":"","background-media":"","overlay-type":"","overlay-color":"","overlay-opacity":"","overlay-gradient":""},"tablet":{"background-color":"var(--ast-global-color-4)","background-image":"","background-repeat":"repeat","background-position":"center center","background-size":"auto","background-attachment":"scroll","background-type":"","background-media":"","overlay-type":"","overlay-color":"","overlay-opacity":"","overlay-gradient":""},"mobile":{"background-color":"var(--ast-global-color-4)","background-image":"","background-repeat":"repeat","background-position":"center center","background-size":"auto","background-attachment":"scroll","background-type":"","background-media":"","overlay-type":"","overlay-color":"","overlay-opacity":"","overlay-gradient":""}}},"product_brand":[],"product_cat":[18],"product_tag":[],"class_list":{"0":"post-1178","1":"product","2":"type-product","3":"status-publish","4":"has-post-thumbnail","6":"product_cat-kurzy-prezitia-fwck","7":"desktop-align-left","8":"tablet-align-left","9":"mobile-align-left","11":"first","12":"instock","13":"virtual","14":"purchasable","15":"product-type-simple"},"_links":{"self":[{"href":"https:\/\/wingchunkuen.sk\/en\/wp-json\/wp\/v2\/product\/1178","targetHints":{"allow":["GET"]}}],"collection":[{"href":"https:\/\/wingchunkuen.sk\/en\/wp-json\/wp\/v2\/product"}],"about":[{"href":"https:\/\/wingchunkuen.sk\/en\/wp-json\/wp\/v2\/types\/product"}],"replies":[{"embeddable":true,"href":"https:\/\/wingchunkuen.sk\/en\/wp-json\/wp\/v2\/comments?post=1178"}],"wp:featuredmedia":[{"embeddable":true,"href":"https:\/\/wingchunkuen.sk\/en\/wp-json\/wp\/v2\/media\/2409"}],"wp:attachment":[{"href":"https:\/\/wingchunkuen.sk\/en\/wp-json\/wp\/v2\/media?parent=1178"}],"wp:term":[{"taxonomy":"product_brand","embeddable":true,"href":"https:\/\/wingchunkuen.sk\/en\/wp-json\/wp\/v2\/product_brand?post=1178"},{"taxonomy":"product_cat","embeddable":true,"href":"https:\/\/wingchunkuen.sk\/en\/wp-json\/wp\/v2\/product_cat?post=1178"},{"taxonomy":"product_tag","embeddable":true,"href":"https:\/\/wingchunkuen.sk\/en\/wp-json\/wp\/v2\/product_tag?post=1178"}],"curies":[{"name":"wp","href":"https:\/\/api.w.org\/{rel}","templated":true}]}}