{"id":1333,"date":"2025-12-31T12:47:25","date_gmt":"2025-12-31T11:47:25","guid":{"rendered":"https:\/\/wingchunkuen.sk\/novyweb\/?post_type=product&#038;p=1333"},"modified":"2026-03-10T22:23:48","modified_gmt":"2026-03-10T21:23:48","slug":"kniha-iba-krestan-3-diel-autor-si-fu-juraj-povinec","status":"publish","type":"product","link":"https:\/\/wingchunkuen.sk\/en\/product\/kniha-iba-krestan-3-diel-autor-si-fu-juraj-povinec\/","title":{"rendered":"Book: Only a Christian Vol. 3 (by Si-fu Juraj Povinec)"},"content":{"rendered":"<p>Kniha IBA KRES\u0164AN m\u00e1 ve\u013emi kvalitn\u00e9 spracovanie. Farebn\u00e1 predn\u00e1 a zadn\u00e1 doska knihy, ru\u010dne lakovan\u00e1 dvoma vrstvami tvrd\u00e9ho laku, s pevn\u00fdm jemne b\u00e9\u017eov\u00fdm 120 gramov\u00fdm papierom listov a ru\u010dne \u0161itou v\u00e4zbou. Toto v\u0161etko rob\u00ed z knihy cenn\u00e9 umeleck\u00e9 dielo, neochvejne p\u00fatav\u00e9 s historick\u00fdm dizajnov\u00fdm n\u00e1dychom a cenn\u00fdm duchovn\u00fdm obsahom.<br \/>\nKni\u017en\u00e9 diela ,,Iba Kres\u0165an, s\u00fa odrazom sv\u00e4t\u00e9ho p\u00edsma, jeho \u00faryvkov a cit\u00e1tov komentovan\u00fdch autorov\u00fdmi n\u00e1zormi, ktor\u00fd sa sna\u017e\u00ed vysvetli\u0165 d\u00f4le\u017eitos\u0165 star\u00fdch textov sv\u00e4t\u00e9ho p\u00edsma do dne\u0161nej doby. N\u00e1zory autora spo\u010d\u00edvaj\u00fa v tom, \u017ee aj ke\u010f s\u00fa texty sv\u00e4t\u00e9ho p\u00edsma p\u00edsan\u00e9 s starej dobe, s\u00fa d\u00f4le\u017eit\u00e9 pre plnohodnotn\u00fd a pokojn\u00fd \u017eivot 21.storo\u010dia &#8230;<br \/>\nAutor: ,,Vznik t\u00fdchto kn\u00edh nebol podmienen\u00fd my\u0161lienkou nap\u00edsa\u0165 knihy o kres\u0165anstve, ale v\u0161etky my\u0161lienky v t\u00fdchto knih\u00e1ch vznikli ako obeta pri piatkov\u00fdch p\u00f4stoch a pri spolo\u010dn\u00fdch obet\u00e1ch sv\u00e4tej om\u0161e. Tak\u017ee v\u017edy ka\u017ed\u00fd piatok a nede\u013eu, ke\u010f sa ur\u010dilo meno z mojej rodiny za koho bude obetovan\u00fd p\u00f4st a sv\u00e4t\u00e1 om\u0161a, tak v\u017edy som k menu osoby pridal duchovn\u00e9 zamyslenie. A\u017e nesk\u00f4r som sa rozhodol tieto my\u0161lienky spoji\u0165 do knihy.<br \/>\nPreto sa nepozerajte na tieto knihy ako na nadut\u00e9 teologick\u00e9 mudrovanie o \u017eivote \u010dloveka, ale pozerajte sa na ne ako na knihy p\u00edsan\u00e9 s pokorou a s odovzdan\u00edm sa v srdci do Bo\u017e\u00edch r\u00fak naplnen\u00fdch pokojom a mierom, s ktor\u00fdch pomocou \u010dlovek zvl\u00e1dne v\u0161etky prek\u00e1\u017eky \u017eivota na tomto svete a z\u00e1rove\u0148 bude pripraven\u00fd na \u017eivot po smrti.<br \/>\nPros\u00edm v\u00e1s aby ste pochopili, \u017ee tieto my\u0161lienky neboli poh\u00e1\u0148an\u00e9 t\u00fa\u017ebou nap\u00edsa\u0165 knihu, ale boli poh\u00e1\u0148an\u00e9 t\u00fa\u017ebou o\u010disti\u0165 mojich bl\u00edzkych od hriechu&#8230;<br \/>\nVe\u013emi si \u017eel\u00e1m, aby ste aj vy, ka\u017ed\u00fd kto bude \u010d\u00edta\u0165 tieto knihy, na\u0161li v nich nie pokarhanie, ale pomoc a povzbudenie&#8230;<br \/>\nKie\u017e by v\u00e1m P\u00e1n dal nezaujat\u00e9ho a slobodn\u00e9ho ducha \u010d\u00edta\u0165 a po\u010d\u00fava\u0165 tieto riadky, aby ste ich mohli s plnos\u0165ou prija\u0165.<br \/>\nS pokorou a s Bo\u017eou b\u00e1z\u0148ou v srdci za v\u00e1s pros\u00edm u n\u00e1\u0161ho Otca&#8230;<\/p>\n<p>Obsah:<br \/>\n1. Spravodlivos\u0165<br \/>\n2. Pozor na pr\u00e1zdne srdce<br \/>\n3. \u013dudsk\u00e1 m\u00fadros\u0165 a Bo\u017eia moc<br \/>\n4. Motiv\u00e1cia a povzbudenie<br \/>\n5. Zvyk ako \u017eelezn\u00e1 ko\u0161e\u013ea<br \/>\n6. Ideol\u00f3gia n\u00e1bo\u017eenstva<br \/>\n7. L\u00e1ska k nepriate\u013eom<br \/>\n8. D\u00f4le\u017eitos\u0165 modlitby<br \/>\n9. Sp\u00fdtaj sa starcov a dosved\u010dia ti<br \/>\n10. Nepod\u013eahn\u00fa\u0165 hriechu<br \/>\n11. Nenechajme sa oklama\u0165!<br \/>\n12. Nakoniec zv\u00ed\u0165az\u00edme!<br \/>\n13. Odmena je nesmierna!<br \/>\n14. Pozor na to, z ak\u00fdch pe\u0148az\u00ed \u017eijeme<br \/>\n15. Boh vie \u010do je potrebn\u00e9 k n\u00e1\u0161mu pokoju<br \/>\n16. Nepod\u013eahn\u00fa\u0165 zlej my\u0161lienke<br \/>\n17. Narodenie Spasite\u013ea<br \/>\n18. Hlava rodiny<br \/>\n19. Traja Kr\u00e1li<br \/>\n20. Posv\u00e4tn\u00e1 b\u00e1ze\u0148 pred Bohom<br \/>\n21. \u017dite ale nehre\u0161te<br \/>\n22. Strach<br \/>\n23. Vezmi svoj kr\u00ed\u017e a nasleduj ma<br \/>\n24. Priate\u013estvo<br \/>\n25. Pravda<br \/>\n26. Milosrdenstvo<br \/>\nJuraj Povinec.<\/p>","protected":false},"excerpt":{"rendered":"<p>Book: Only a Christian Vol. 3 (by Si-fu Juraj Povinec)<\/p>","protected":false},"featured_media":2368,"comment_status":"open","ping_status":"closed","template":"","meta":{"site-sidebar-layout":"default","site-content-layout":"","ast-site-content-layout":"default","site-content-style":"default","site-sidebar-style":"default","ast-global-header-display":"","ast-banner-title-visibility":"","ast-main-header-display":"","ast-hfb-above-header-display":"","ast-hfb-below-header-display":"","ast-hfb-mobile-header-display":"","site-post-title":"","ast-breadcrumbs-content":"","ast-featured-img":"","footer-sml-layout":"","theme-transparent-header-meta":"default","adv-header-id-meta":"","stick-header-meta":"","header-above-stick-meta":"","header-main-stick-meta":"","header-below-stick-meta":"","astra-migrate-meta-layouts":"set","ast-page-background-enabled":"default","ast-page-background-meta":{"desktop":{"background-color":"var(--ast-global-color-5)","background-image":"","background-repeat":"repeat","background-position":"center center","background-size":"auto","background-attachment":"scroll","background-type":"","background-media":"","overlay-type":"","overlay-color":"","overlay-opacity":"","overlay-gradient":""},"tablet":{"background-color":"","background-image":"","background-repeat":"repeat","background-position":"center center","background-size":"auto","background-attachment":"scroll","background-type":"","background-media":"","overlay-type":"","overlay-color":"","overlay-opacity":"","overlay-gradient":""},"mobile":{"background-color":"","background-image":"","background-repeat":"repeat","background-position":"center center","background-size":"auto","background-attachment":"scroll","background-type":"","background-media":"","overlay-type":"","overlay-color":"","overlay-opacity":"","overlay-gradient":""}},"ast-content-background-meta":{"desktop":{"background-color":"var(--ast-global-color-4)","background-image":"","background-repeat":"repeat","background-position":"center center","background-size":"auto","background-attachment":"scroll","background-type":"","background-media":"","overlay-type":"","overlay-color":"","overlay-opacity":"","overlay-gradient":""},"tablet":{"background-color":"var(--ast-global-color-4)","background-image":"","background-repeat":"repeat","background-position":"center center","background-size":"auto","background-attachment":"scroll","background-type":"","background-media":"","overlay-type":"","overlay-color":"","overlay-opacity":"","overlay-gradient":""},"mobile":{"background-color":"var(--ast-global-color-4)","background-image":"","background-repeat":"repeat","background-position":"center center","background-size":"auto","background-attachment":"scroll","background-type":"","background-media":"","overlay-type":"","overlay-color":"","overlay-opacity":"","overlay-gradient":""}}},"product_brand":[],"product_cat":[19],"product_tag":[],"class_list":{"0":"post-1333","1":"product","2":"type-product","3":"status-publish","4":"has-post-thumbnail","6":"product_cat-knihy-a-dvd","7":"desktop-align-left","8":"tablet-align-left","9":"mobile-align-left","11":"first","12":"instock","13":"shipping-taxable","14":"purchasable","15":"product-type-simple"},"_links":{"self":[{"href":"https:\/\/wingchunkuen.sk\/en\/wp-json\/wp\/v2\/product\/1333","targetHints":{"allow":["GET"]}}],"collection":[{"href":"https:\/\/wingchunkuen.sk\/en\/wp-json\/wp\/v2\/product"}],"about":[{"href":"https:\/\/wingchunkuen.sk\/en\/wp-json\/wp\/v2\/types\/product"}],"replies":[{"embeddable":true,"href":"https:\/\/wingchunkuen.sk\/en\/wp-json\/wp\/v2\/comments?post=1333"}],"wp:featuredmedia":[{"embeddable":true,"href":"https:\/\/wingchunkuen.sk\/en\/wp-json\/wp\/v2\/media\/2368"}],"wp:attachment":[{"href":"https:\/\/wingchunkuen.sk\/en\/wp-json\/wp\/v2\/media?parent=1333"}],"wp:term":[{"taxonomy":"product_brand","embeddable":true,"href":"https:\/\/wingchunkuen.sk\/en\/wp-json\/wp\/v2\/product_brand?post=1333"},{"taxonomy":"product_cat","embeddable":true,"href":"https:\/\/wingchunkuen.sk\/en\/wp-json\/wp\/v2\/product_cat?post=1333"},{"taxonomy":"product_tag","embeddable":true,"href":"https:\/\/wingchunkuen.sk\/en\/wp-json\/wp\/v2\/product_tag?post=1333"}],"curies":[{"name":"wp","href":"https:\/\/api.w.org\/{rel}","templated":true}]}}