{"id":2445,"date":"2026-04-12T13:11:18","date_gmt":"2026-04-12T11:11:18","guid":{"rendered":"https:\/\/wingchunkuen.sk\/?post_type=product&#038;p=2445"},"modified":"2026-04-21T16:37:18","modified_gmt":"2026-04-21T14:37:18","slug":"mesacna-permanentka-wing-chun-kuen","status":"publish","type":"product","link":"https:\/\/wingchunkuen.sk\/en\/product\/mesacna-permanentka-wing-chun-kuen\/","title":{"rendered":"Mesa\u010dn\u00e1 Permanentka Wing Chun Kuen"},"content":{"rendered":"<p>Mesa\u010dn\u00e1 Permanentka pre ve\u010dern\u00e9 tr\u00e9ningy Feder\u00e1cie Wing Chun Kuen. <\/p>\n<p>Dni a \u010dasy tr\u00e9ningov:<br \/>\nPondelok<br \/>\nUtorok<br \/>\n\u0160tvrtok<br \/>\nOd 18 &#8211; 20:00<br \/>\nV\u00fduka z\u00e1kladn\u00fdch techn\u00edk bojov\u00e9ho umenia Wing Chun, s pou\u017eit\u00edm na re\u00e1lnu sebaobranu&#8230;<\/p>\n<p>Miesto: Z\u00e1hrady \u017dab\u00ed Majer, Bojn\u00edcka 16, 831 03, Bratislava (prv\u00fd tr\u00e9ning vola\u0165: 0907 777 700)<\/p>\n<p>Permanentka je platn\u00e1 pol roka od zak\u00fapenia (inak prepadne bez mo\u017en\u00e9ho n\u00e1vratu platby)&#8230;<br \/>\nOd jej prv\u00e9ho pou\u017eitia je mo\u017en\u00e9 permanentku vyu\u017e\u00edva\u0165 jeden mesiac&#8230;<br \/>\nPri jej prvom pou\u017eit\u00ed je treba sa preuk\u00e1za\u0165 potvrdzuj\u00facim emailom o zak\u00fapen\u00ed&#8230;<\/p>","protected":false},"excerpt":{"rendered":"<p>Mesa\u010dn\u00e1 Permanentka Feder\u00e1cie Wing Chun Kuen.<\/p>","protected":false},"featured_media":2446,"comment_status":"open","ping_status":"closed","template":"","meta":{"site-sidebar-layout":"default","site-content-layout":"","ast-site-content-layout":"default","site-content-style":"default","site-sidebar-style":"default","ast-global-header-display":"","ast-banner-title-visibility":"","ast-main-header-display":"","ast-hfb-above-header-display":"","ast-hfb-below-header-display":"","ast-hfb-mobile-header-display":"","site-post-title":"","ast-breadcrumbs-content":"","ast-featured-img":"","footer-sml-layout":"","theme-transparent-header-meta":"default","adv-header-id-meta":"","stick-header-meta":"","header-above-stick-meta":"","header-main-stick-meta":"","header-below-stick-meta":"","astra-migrate-meta-layouts":"set","ast-page-background-enabled":"default","ast-page-background-meta":{"desktop":{"background-color":"var(--ast-global-color-5)","background-image":"","background-repeat":"repeat","background-position":"center center","background-size":"auto","background-attachment":"scroll","background-type":"","background-media":"","overlay-type":"","overlay-color":"","overlay-opacity":"","overlay-gradient":""},"tablet":{"background-color":"","background-image":"","background-repeat":"repeat","background-position":"center center","background-size":"auto","background-attachment":"scroll","background-type":"","background-media":"","overlay-type":"","overlay-color":"","overlay-opacity":"","overlay-gradient":""},"mobile":{"background-color":"","background-image":"","background-repeat":"repeat","background-position":"center center","background-size":"auto","background-attachment":"scroll","background-type":"","background-media":"","overlay-type":"","overlay-color":"","overlay-opacity":"","overlay-gradient":""}},"ast-content-background-meta":{"desktop":{"background-color":"var(--ast-global-color-4)","background-image":"","background-repeat":"repeat","background-position":"center center","background-size":"auto","background-attachment":"scroll","background-type":"","background-media":"","overlay-type":"","overlay-color":"","overlay-opacity":"","overlay-gradient":""},"tablet":{"background-color":"var(--ast-global-color-4)","background-image":"","background-repeat":"repeat","background-position":"center center","background-size":"auto","background-attachment":"scroll","background-type":"","background-media":"","overlay-type":"","overlay-color":"","overlay-opacity":"","overlay-gradient":""},"mobile":{"background-color":"var(--ast-global-color-4)","background-image":"","background-repeat":"repeat","background-position":"center center","background-size":"auto","background-attachment":"scroll","background-type":"","background-media":"","overlay-type":"","overlay-color":"","overlay-opacity":"","overlay-gradient":""}}},"product_brand":[],"product_cat":[27],"product_tag":[],"class_list":{"0":"post-2445","1":"product","2":"type-product","3":"status-publish","4":"has-post-thumbnail","6":"product_cat-permanentky","7":"desktop-align-left","8":"tablet-align-left","9":"mobile-align-left","11":"first","12":"instock","13":"virtual","14":"purchasable","15":"product-type-simple"},"_links":{"self":[{"href":"https:\/\/wingchunkuen.sk\/en\/wp-json\/wp\/v2\/product\/2445","targetHints":{"allow":["GET"]}}],"collection":[{"href":"https:\/\/wingchunkuen.sk\/en\/wp-json\/wp\/v2\/product"}],"about":[{"href":"https:\/\/wingchunkuen.sk\/en\/wp-json\/wp\/v2\/types\/product"}],"replies":[{"embeddable":true,"href":"https:\/\/wingchunkuen.sk\/en\/wp-json\/wp\/v2\/comments?post=2445"}],"wp:featuredmedia":[{"embeddable":true,"href":"https:\/\/wingchunkuen.sk\/en\/wp-json\/wp\/v2\/media\/2446"}],"wp:attachment":[{"href":"https:\/\/wingchunkuen.sk\/en\/wp-json\/wp\/v2\/media?parent=2445"}],"wp:term":[{"taxonomy":"product_brand","embeddable":true,"href":"https:\/\/wingchunkuen.sk\/en\/wp-json\/wp\/v2\/product_brand?post=2445"},{"taxonomy":"product_cat","embeddable":true,"href":"https:\/\/wingchunkuen.sk\/en\/wp-json\/wp\/v2\/product_cat?post=2445"},{"taxonomy":"product_tag","embeddable":true,"href":"https:\/\/wingchunkuen.sk\/en\/wp-json\/wp\/v2\/product_tag?post=2445"}],"curies":[{"name":"wp","href":"https:\/\/api.w.org\/{rel}","templated":true}]}}